{"id":9,"date":"2024-06-05T10:40:24","date_gmt":"2024-06-05T10:40:24","guid":{"rendered":"https:\/\/maelvignette.tempserver.net\/cart\/"},"modified":"2025-04-01T15:05:24","modified_gmt":"2025-04-01T15:05:24","slug":"cart","status":"publish","type":"page","link":"https:\/\/obike-peniche.com\/en\/cart\/","title":{"rendered":"Cart"},"content":{"rendered":"<p>[et_pb_section fb_built=\u00a0\u00bb1&Prime; _builder_version=\u00a0\u00bb4.16&Prime; global_colors_info=\u00a0\u00bb{}\u00a0\u00bb][et_pb_row _builder_version=\u00a0\u00bb4.16&Prime; background_size=\u00a0\u00bbinitial\u00a0\u00bb background_position=\u00a0\u00bbtop_left\u00a0\u00bb background_repeat=\u00a0\u00bbrepeat\u00a0\u00bb global_colors_info=\u00a0\u00bb{}\u00a0\u00bb][et_pb_column type=\u00a0\u00bb4_4&Prime; _builder_version=\u00a0\u00bb4.16&Prime; custom_padding=\u00a0\u00bb|||\u00a0\u00bb global_colors_info=\u00a0\u00bb{}\u00a0\u00bb custom_padding__hover=\u00a0\u00bb|||\u00a0\u00bb][et_pb_post_title title=\u00a0\u00bboff\u00a0\u00bb meta=\u00a0\u00bboff\u00a0\u00bb featured_image=\u00a0\u00bboff\u00a0\u00bb _builder_version=\u00a0\u00bb4.21.0&Prime; title_font=\u00a0\u00bbPoppins|700|||||||\u00a0\u00bb title_font_size=\u00a0\u00bb30px\u00a0\u00bb global_colors_info=\u00a0\u00bb{}\u00a0\u00bb][\/et_pb_post_title][et_pb_wc_cart_notice _builder_version=\u00a0\u00bb4.27.4&Prime; title_font=\u00a0\u00bbPoppins||||||||\u00a0\u00bb background_color=\u00a0\u00bb#00ccd0&Prime; custom_button=\u00a0\u00bbon\u00a0\u00bb button_text_color=\u00a0\u00bb#f0f5ea\u00a0\u00bb button_bg_color=\u00a0\u00bb#00ccd0&Prime; button_border_color=\u00a0\u00bb#00ccd0&Prime; button_border_radius=\u00a0\u00bb50px\u00a0\u00bb button_font=\u00a0\u00bbPoppins|700|||||||\u00a0\u00bb button_use_icon=\u00a0\u00bboff\u00a0\u00bb global_colors_info=\u00a0\u00bb{}\u00a0\u00bb][\/et_pb_wc_cart_notice][et_pb_wc_cart_products placeholder_color=\u00a0\u00bb#000000&Prime; show_product_image=\u00a0\u00bboff\u00a0\u00bb show_coupon_code=\u00a0\u00bboff\u00a0\u00bb show_update_cart_button=\u00a0\u00bboff\u00a0\u00bb _builder_version=\u00a0\u00bb4.21.0&Prime; _module_preset=\u00a0\u00bbdefault\u00a0\u00bb form_field_background_color=\u00a0\u00bbRGBA(255,255,255,0)\u00a0\u00bb form_field_text_color=\u00a0\u00bb#000000&Prime; form_field_custom_padding=\u00a0\u00bb10px||10px||true|true\u00a0\u00bb body_font=\u00a0\u00bbPoppins||||||||\u00a0\u00bb body_text_color=\u00a0\u00bb#191842&Prime; link_font=\u00a0\u00bbPoppins||||||||\u00a0\u00bb link_text_color=\u00a0\u00bb#191842&Prime; link_font_size=\u00a0\u00bb16px\u00a0\u00bb table_header_font=\u00a0\u00bbPoppins|700|||||||\u00a0\u00bb table_header_text_color=\u00a0\u00bb#191842&Prime; form_field_font=\u00a0\u00bbPoppins|500|||||||\u00a0\u00bb form_field_text_align=\u00a0\u00bbcenter\u00a0\u00bb form_field_font_size=\u00a0\u00bb16px\u00a0\u00bb custom_button=\u00a0\u00bbon\u00a0\u00bb button_text_color=\u00a0\u00bb#FFFFFF\u00a0\u00bb button_bg_color=\u00a0\u00bb#00ccd0&Prime; button_border_color=\u00a0\u00bb#00ccd0&Prime; button_font=\u00a0\u00bbPoppins||||||||\u00a0\u00bb button_use_icon=\u00a0\u00bboff\u00a0\u00bb custom_disabled_button=\u00a0\u00bbon\u00a0\u00bb disabled_button_font=\u00a0\u00bbPoppins||||||||\u00a0\u00bb disabled_button_use_icon=\u00a0\u00bboff\u00a0\u00bb border_width_all_form_field=\u00a0\u00bb1px\u00a0\u00bb border_color_all_form_field=\u00a0\u00bb#000000&Prime; global_colors_info=\u00a0\u00bb{}\u00a0\u00bb][\/et_pb_wc_cart_products][et_pb_text _builder_version=\u00a0\u00bb4.27.4&Prime; _module_preset=\u00a0\u00bbdefault\u00a0\u00bb text_font=\u00a0\u00bbPoppins||||||||\u00a0\u00bb text_text_color=\u00a0\u00bb#000000&Prime; text_font_size=\u00a0\u00bb15px\u00a0\u00bb hover_enabled=\u00a0\u00bb0&Prime; sticky_enabled=\u00a0\u00bb0&Prime;]<\/p>\n<p>The deposit will not be charged unless damages occur. It serves solely as a guarantee to protect\u00a0the\u00a0equipment.<\/p>\n<p>[\/et_pb_text][\/et_pb_column][\/et_pb_row][et_pb_row _builder_version=\u00a0\u00bb4.21.0&Prime; background_size=\u00a0\u00bbinitial\u00a0\u00bb background_position=\u00a0\u00bbtop_left\u00a0\u00bb background_repeat=\u00a0\u00bbrepeat\u00a0\u00bb width=\u00a0\u00bb40%\u00a0\u00bb width_tablet=\u00a0\u00bb40%\u00a0\u00bb width_phone=\u00a0\u00bb80%\u00a0\u00bb width_last_edited=\u00a0\u00bbon|phone\u00a0\u00bb module_alignment=\u00a0\u00bbcenter\u00a0\u00bb global_colors_info=\u00a0\u00bb{}\u00a0\u00bb custom_margin=\u00a0\u00bb-22px|auto||auto||\u00a0\u00bb][et_pb_column type=\u00a0\u00bb4_4&Prime; _builder_version=\u00a0\u00bb4.16&Prime; custom_padding=\u00a0\u00bb|||\u00a0\u00bb global_colors_info=\u00a0\u00bb{}\u00a0\u00bb custom_padding__hover=\u00a0\u00bb|||\u00a0\u00bb][et_pb_wc_cart_totals _builder_version=\u00a0\u00bb4.27.4&Prime; column_label_font=\u00a0\u00bbPoppins|700|||||||\u00a0\u00bb column_label_text_color=\u00a0\u00bb#191842&Prime; body_font=\u00a0\u00bbPoppins||||||||\u00a0\u00bb body_text_color=\u00a0\u00bb#191842&Prime; link_font=\u00a0\u00bbPoppins||||||||\u00a0\u00bb link_text_color=\u00a0\u00bb#0C71C3&Prime; custom_button=\u00a0\u00bbon\u00a0\u00bb button_text_size=\u00a0\u00bb26px\u00a0\u00bb button_text_color=\u00a0\u00bb#f0f5ea\u00a0\u00bb button_bg_color=\u00a0\u00bb#00ccd0&Prime; button_border_color=\u00a0\u00bb#00ccd0&Prime; button_border_radius=\u00a0\u00bb47px\u00a0\u00bb button_font=\u00a0\u00bbPoppins|700|||||||\u00a0\u00bb button_use_icon=\u00a0\u00bboff\u00a0\u00bb button_custom_padding=\u00a0\u00bb0.5em|1em|0.5em|1em|true|false\u00a0\u00bb body_font_size_tablet=\u00a0\u00bb\u00a0\u00bb body_font_size_phone=\u00a0\u00bb\u00a0\u00bb body_font_size_last_edited=\u00a0\u00bbon|desktop\u00a0\u00bb body_line_height_tablet=\u00a0\u00bb\u00a0\u00bb body_line_height_phone=\u00a0\u00bb25.1px\u00a0\u00bb body_line_height_last_edited=\u00a0\u00bbon|phone\u00a0\u00bb button_text_size_tablet=\u00a0\u00bb26px\u00a0\u00bb button_text_size_phone=\u00a0\u00bb18px\u00a0\u00bb button_text_size_last_edited=\u00a0\u00bbon|phone\u00a0\u00bb custom_css_title_text=\u00a0\u00bbdisplay: none;\u00a0\u00bb global_colors_info=\u00a0\u00bb{}\u00a0\u00bb][\/et_pb_wc_cart_totals][et_pb_code _builder_version=\u00a0\u00bb4.27.4&Prime; _module_preset=\u00a0\u00bbdefault\u00a0\u00bb global_colors_info=\u00a0\u00bb{}\u00a0\u00bb]<script><!-- [et_pb_line_break_holder] -->  <!-- [et_pb_line_break_holder] -->  document.addEventListener(\"DOMContentLoaded\", function () {<!-- [et_pb_line_break_holder] -->    console.log(\"\ud83d\ude80 Script de mise \u00e0 jour du prix du panier activ\u00e9.\");<!-- [et_pb_line_break_holder] --><!-- [et_pb_line_break_holder] -->    \/\/ Fonction pour r\u00e9cup\u00e9rer un param\u00e8tre dans l'URL<!-- [et_pb_line_break_holder] -->    function getURLParameter(name) {<!-- [et_pb_line_break_holder] -->        const urlParams = new URLSearchParams(window.location.search);<!-- [et_pb_line_break_holder] -->        return urlParams.get(name);<!-- [et_pb_line_break_holder] -->    }<!-- [et_pb_line_break_holder] --><!-- [et_pb_line_break_holder] -->    \/\/ R\u00e9cup\u00e9rer le prix total depuis l'URL<!-- [et_pb_line_break_holder] -->    let customPrice = getURLParameter(\"custom_price\");<!-- [et_pb_line_break_holder] -->    <!-- [et_pb_line_break_holder] -->    if (customPrice) {<!-- [et_pb_line_break_holder] -->        customPrice = parseFloat(customPrice);<!-- [et_pb_line_break_holder] -->        if (!isNaN(customPrice)) {<!-- [et_pb_line_break_holder] -->            console.log(`\ud83d\udcb0 Nouveau prix d\u00e9tect\u00e9 dans l'URL : ${customPrice}\u20ac`);<!-- [et_pb_line_break_holder] --><!-- [et_pb_line_break_holder] -->            \/\/ Mettre \u00e0 jour le prix affich\u00e9 dans le panier<!-- [et_pb_line_break_holder] -->            const totalElement = document.querySelector(\".cart_totals .order-total .woocommerce-Price-amount\");<!-- [et_pb_line_break_holder] -->            if (totalElement) {<!-- [et_pb_line_break_holder] -->                totalElement.innerHTML = `<bdi><span class=\"woocommerce-Price-currencySymbol\">\u20ac<\/span>\u00a0${customPrice.toFixed(2)}<\/bdi>`;<!-- [et_pb_line_break_holder] -->                console.log(`\u2705 Prix total mis \u00e0 jour : ${customPrice.toFixed(2)}\u20ac`);<!-- [et_pb_line_break_holder] -->            } else {<!-- [et_pb_line_break_holder] -->                console.warn(\"\u26a0\ufe0f \u00c9l\u00e9ment affichant le total introuvable !\");<!-- [et_pb_line_break_holder] -->            }<!-- [et_pb_line_break_holder] --><!-- [et_pb_line_break_holder] -->            \/\/ Mettre \u00e0 jour le sous-total si pr\u00e9sent<!-- [et_pb_line_break_holder] -->            const subtotalElement = document.querySelector(\".cart_totals .cart-subtotal .woocommerce-Price-amount\");<!-- [et_pb_line_break_holder] -->            if (subtotalElement) {<!-- [et_pb_line_break_holder] -->                subtotalElement.innerHTML = `<bdi><span class=\"woocommerce-Price-currencySymbol\">\u20ac<\/span>\u00a0${customPrice.toFixed(2)}<\/bdi>`;<!-- [et_pb_line_break_holder] -->            }<!-- [et_pb_line_break_holder] --><!-- [et_pb_line_break_holder] -->            \/\/ Mettre \u00e0 jour le prix des articles dans le tableau du panier<!-- [et_pb_line_break_holder] -->            const productPrices = document.querySelectorAll(\".cart_item .product-subtotal .woocommerce-Price-amount\");<!-- [et_pb_line_break_holder] -->            if (productPrices.length > 0) {<!-- [et_pb_line_break_holder] -->                productPrices.forEach((item) => {<!-- [et_pb_line_break_holder] -->                    item.innerHTML = `<bdi><span class=\"woocommerce-Price-currencySymbol\">\u20ac<\/span>\u00a0${customPrice.toFixed(2)}<\/bdi>`;<!-- [et_pb_line_break_holder] -->                });<!-- [et_pb_line_break_holder] -->            }<!-- [et_pb_line_break_holder] -->        }<!-- [et_pb_line_break_holder] -->    } else {<!-- [et_pb_line_break_holder] -->        console.warn(\"\u26a0\ufe0f Aucun param\u00e8tre `custom_price` trouv\u00e9 dans l'URL.\");<!-- [et_pb_line_break_holder] -->    }<!-- [et_pb_line_break_holder] -->});<!-- [et_pb_line_break_holder] --><!-- [et_pb_line_break_holder] --><\/script>[\/et_pb_code][et_pb_code _builder_version=\u00a0\u00bb4.27.4&Prime; _module_preset=\u00a0\u00bbdefault\u00a0\u00bb global_colors_info=\u00a0\u00bb{}\u00a0\u00bb]<script><!-- [et_pb_line_break_holder] -->  let btn = document.querySelector(\".checkout-button\");<!-- [et_pb_line_break_holder] -->  btn.innerText = \"Passer \u00e0 la caisse\";<!-- [et_pb_line_break_holder] --><\/script>[\/et_pb_code][\/et_pb_column][\/et_pb_row][\/et_pb_section]<\/p>","protected":false},"excerpt":{"rendered":"<p>The deposit will not be charged unless damages occur. It serves solely as a guarantee to protect\u00a0the\u00a0equipment.<\/p>","protected":false},"author":1,"featured_media":0,"parent":0,"menu_order":0,"comment_status":"closed","ping_status":"closed","template":"","meta":{"_acf_changed":false,"_et_pb_use_builder":"on","_et_pb_old_content":"<!-- wp:woocommerce\/cart -->\n<div class=\"wp-block-woocommerce-cart alignwide is-loading\"><!-- wp:woocommerce\/filled-cart-block -->\n<div class=\"wp-block-woocommerce-filled-cart-block\"><!-- wp:woocommerce\/cart-items-block -->\n<div class=\"wp-block-woocommerce-cart-items-block\"><!-- wp:woocommerce\/cart-line-items-block -->\n<div class=\"wp-block-woocommerce-cart-line-items-block\"><\/div>\n<!-- \/wp:woocommerce\/cart-line-items-block -->\n\n<!-- wp:woocommerce\/cart-cross-sells-block -->\n<div class=\"wp-block-woocommerce-cart-cross-sells-block\"><!-- wp:heading {\"fontSize\":\"large\"} -->\n<h2 class=\"wp-block-heading has-large-font-size\">You may be interested in\u2026<\/h2>\n<!-- \/wp:heading -->\n\n<!-- wp:woocommerce\/cart-cross-sells-products-block -->\n<div class=\"wp-block-woocommerce-cart-cross-sells-products-block\"><\/div>\n<!-- \/wp:woocommerce\/cart-cross-sells-products-block --><\/div>\n<!-- \/wp:woocommerce\/cart-cross-sells-block --><\/div>\n<!-- \/wp:woocommerce\/cart-items-block -->\n\n<!-- wp:woocommerce\/cart-totals-block -->\n<div class=\"wp-block-woocommerce-cart-totals-block\"><!-- wp:woocommerce\/cart-order-summary-block -->\n<div class=\"wp-block-woocommerce-cart-order-summary-block\"><!-- wp:woocommerce\/cart-order-summary-heading-block -->\n<div class=\"wp-block-woocommerce-cart-order-summary-heading-block\"><\/div>\n<!-- \/wp:woocommerce\/cart-order-summary-heading-block -->\n\n<!-- wp:woocommerce\/cart-order-summary-coupon-form-block -->\n<div class=\"wp-block-woocommerce-cart-order-summary-coupon-form-block\"><\/div>\n<!-- \/wp:woocommerce\/cart-order-summary-coupon-form-block -->\n\n<!-- wp:woocommerce\/cart-order-summary-subtotal-block -->\n<div class=\"wp-block-woocommerce-cart-order-summary-subtotal-block\"><\/div>\n<!-- \/wp:woocommerce\/cart-order-summary-subtotal-block -->\n\n<!-- wp:woocommerce\/cart-order-summary-fee-block -->\n<div class=\"wp-block-woocommerce-cart-order-summary-fee-block\"><\/div>\n<!-- \/wp:woocommerce\/cart-order-summary-fee-block -->\n\n<!-- wp:woocommerce\/cart-order-summary-discount-block -->\n<div class=\"wp-block-woocommerce-cart-order-summary-discount-block\"><\/div>\n<!-- \/wp:woocommerce\/cart-order-summary-discount-block -->\n\n<!-- wp:woocommerce\/cart-order-summary-shipping-block -->\n<div class=\"wp-block-woocommerce-cart-order-summary-shipping-block\"><\/div>\n<!-- \/wp:woocommerce\/cart-order-summary-shipping-block -->\n\n<!-- wp:woocommerce\/cart-order-summary-taxes-block -->\n<div class=\"wp-block-woocommerce-cart-order-summary-taxes-block\"><\/div>\n<!-- \/wp:woocommerce\/cart-order-summary-taxes-block --><\/div>\n<!-- \/wp:woocommerce\/cart-order-summary-block -->\n\n<!-- wp:woocommerce\/cart-express-payment-block -->\n<div class=\"wp-block-woocommerce-cart-express-payment-block\"><\/div>\n<!-- \/wp:woocommerce\/cart-express-payment-block -->\n\n<!-- wp:woocommerce\/proceed-to-checkout-block -->\n<div class=\"wp-block-woocommerce-proceed-to-checkout-block\"><\/div>\n<!-- \/wp:woocommerce\/proceed-to-checkout-block -->\n\n<!-- wp:woocommerce\/cart-accepted-payment-methods-block -->\n<div class=\"wp-block-woocommerce-cart-accepted-payment-methods-block\"><\/div>\n<!-- \/wp:woocommerce\/cart-accepted-payment-methods-block --><\/div>\n<!-- \/wp:woocommerce\/cart-totals-block --><\/div>\n<!-- \/wp:woocommerce\/filled-cart-block -->\n\n<!-- wp:woocommerce\/empty-cart-block -->\n<div class=\"wp-block-woocommerce-empty-cart-block\"><!-- wp:heading {\"textAlign\":\"center\",\"className\":\"with-empty-cart-icon wc-block-cart__empty-cart__title\"} -->\n<h2 class=\"wp-block-heading has-text-align-center with-empty-cart-icon wc-block-cart__empty-cart__title\">Your cart is currently empty!<\/h2>\n<!-- \/wp:heading -->\n\n<!-- wp:separator {\"className\":\"is-style-dots\"} -->\n<hr class=\"wp-block-separator has-alpha-channel-opacity is-style-dots\"\/>\n<!-- \/wp:separator -->\n\n<!-- wp:heading {\"textAlign\":\"center\"} -->\n<h2 class=\"wp-block-heading has-text-align-center\">New in store<\/h2>\n<!-- \/wp:heading -->\n\n<!-- wp:woocommerce\/product-new {\"columns\":4,\"rows\":1} \/--><\/div>\n<!-- \/wp:woocommerce\/empty-cart-block --><\/div>\n<!-- \/wp:woocommerce\/cart -->","_et_gb_content_width":"","footnotes":""},"class_list":["post-9","page","type-page","status-publish","hentry"],"acf":[],"_links":{"self":[{"href":"https:\/\/obike-peniche.com\/en\/wp-json\/wp\/v2\/pages\/9","targetHints":{"allow":["GET"]}}],"collection":[{"href":"https:\/\/obike-peniche.com\/en\/wp-json\/wp\/v2\/pages"}],"about":[{"href":"https:\/\/obike-peniche.com\/en\/wp-json\/wp\/v2\/types\/page"}],"author":[{"embeddable":true,"href":"https:\/\/obike-peniche.com\/en\/wp-json\/wp\/v2\/users\/1"}],"replies":[{"embeddable":true,"href":"https:\/\/obike-peniche.com\/en\/wp-json\/wp\/v2\/comments?post=9"}],"version-history":[{"count":47,"href":"https:\/\/obike-peniche.com\/en\/wp-json\/wp\/v2\/pages\/9\/revisions"}],"predecessor-version":[{"id":1892,"href":"https:\/\/obike-peniche.com\/en\/wp-json\/wp\/v2\/pages\/9\/revisions\/1892"}],"wp:attachment":[{"href":"https:\/\/obike-peniche.com\/en\/wp-json\/wp\/v2\/media?parent=9"}],"curies":[{"name":"wp","href":"https:\/\/api.w.org\/{rel}","templated":true}]}}